{"id":2562,"date":"2022-11-25T11:53:23","date_gmt":"2022-11-25T10:53:23","guid":{"rendered":"https:\/\/vinsdivins.be\/?post_type=product&#038;p=2562"},"modified":"2022-12-17T11:36:43","modified_gmt":"2022-12-17T10:36:43","slug":"domain-gassier-fleur-de-syrah","status":"publish","type":"product","link":"https:\/\/vinsdivins.be\/index.php\/product\/domain-gassier-fleur-de-syrah\/","title":{"rendered":"Domaine Gassier &#8211; Fleur de Syrah"},"content":{"rendered":"<p>Dit pittoreske wijngoed &#8216;Domaine Gassier&#8217; ligt in het meest zuidelijke deel van de C\u00f4tes du Rh\u00f4ne, namelijk in Costi\u00e8res de N\u00eemes. Costi\u00e8res de N\u00eemes is de meest zuidelijk gelegen appellatie en strekt zich uit tot aan de Camargue. Hun filosofie is steeds het cre\u00ebren van ambachtelijke wijnen, ontworpen met de eerbiediging van het milieu en absolute focus op de essentie, namelijk de expressie van het terroir. Ze worden erkend en beschouwd als referentie binnen de zuidelijke Rh\u00f4nevallei door onder andere: Bettane &#038; Desseauve, La Revue des Vins de France, Robert Parker en Wine Spectator.<\/p>\n","protected":false},"excerpt":{"rendered":"<p>Mooie kruidige wijn, gemaakt van 100% Syrah druiven, gelegen op een biologisch-geteelde, terras-wijngaard met uitzicht op de Camargue en de Middellandse Zee. Kalkrijk terroir zorgt voor een mooie portie mineraliteit.<br \/>\nFrisse en pittige Syrah, ideaal bij een stuk rood vlees of pittige gerechten. <\/p>\n","protected":false},"featured_media":2563,"template":"","meta":[],"product_brand":[],"product_cat":[1039,90,79,15,147],"product_tag":[],"class_list":{"0":"post-2562","1":"product","2":"type-product","3":"status-publish","4":"has-post-thumbnail","6":"product_cat-cotes-de-rhone-frankrijk-rood","7":"product_cat-frankrijk-rood","8":"product_cat-rood","9":"product_cat-uncategorized","10":"product_cat-wijnen","11":"pa_druiven-90-syrah-10-grenache","13":"first","14":"instock","15":"taxable","16":"shipping-taxable","17":"purchasable","18":"product-type-simple"},"yoast_head":"<!-- This site is optimized with the Yoast SEO plugin v27.5 - https:\/\/yoast.com\/product\/yoast-seo-wordpress\/ -->\n<title>Domaine Gassier - Fleur de Syrah - Vins Divins Winery<\/title>\n<meta name=\"robots\" content=\"noindex, follow, max-snippet:-1, max-image-preview:large, max-video-preview:-1\" \/>\n<meta property=\"og:locale\" content=\"nl_BE\" \/>\n<meta property=\"og:type\" content=\"article\" \/>\n<meta property=\"og:title\" content=\"Domaine Gassier - Fleur de Syrah - Vins Divins Winery\" \/>\n<meta property=\"og:description\" content=\"Mooie kruidige wijn, gemaakt van 100% Syrah druiven, gelegen op een biologisch-geteelde, terras-wijngaard met uitzicht op de Camargue en de Middellandse Zee. Kalkrijk terroir zorgt voor een mooie portie mineraliteit.  Frisse en pittige Syrah, ideaal bij een stuk rood vlees of pittige gerechten.\" \/>\n<meta property=\"og:url\" content=\"https:\/\/vinsdivins.be\/index.php\/product\/domain-gassier-fleur-de-syrah\/\" \/>\n<meta property=\"og:site_name\" content=\"Vins Divins Winery\" \/>\n<meta property=\"article:publisher\" content=\"https:\/\/www.facebook.com\/profile.php?id=100057407982814\" \/>\n<meta property=\"article:modified_time\" content=\"2022-12-17T10:36:43+00:00\" \/>\n<meta property=\"og:image\" content=\"https:\/\/vinsdivins.be\/wp-content\/uploads\/2022\/11\/gassier_fleur_de_syrah.jpg\" \/>\n\t<meta property=\"og:image:width\" content=\"460\" \/>\n\t<meta property=\"og:image:height\" content=\"460\" \/>\n\t<meta property=\"og:image:type\" content=\"image\/jpeg\" \/>\n<meta name=\"twitter:card\" content=\"summary_large_image\" \/>\n<meta name=\"twitter:label1\" content=\"Geschatte leestijd\" \/>\n\t<meta name=\"twitter:data1\" content=\"1 minuut\" \/>\n<script type=\"application\/ld+json\" class=\"yoast-schema-graph\">{\"@context\":\"https:\\\/\\\/schema.org\",\"@graph\":[{\"@type\":\"WebPage\",\"@id\":\"https:\\\/\\\/vinsdivins.be\\\/index.php\\\/product\\\/domain-gassier-fleur-de-syrah\\\/\",\"url\":\"https:\\\/\\\/vinsdivins.be\\\/index.php\\\/product\\\/domain-gassier-fleur-de-syrah\\\/\",\"name\":\"Domaine Gassier - Fleur de Syrah - Vins Divins Winery\",\"isPartOf\":{\"@id\":\"https:\\\/\\\/vinsdivins.be\\\/#website\"},\"primaryImageOfPage\":{\"@id\":\"https:\\\/\\\/vinsdivins.be\\\/index.php\\\/product\\\/domain-gassier-fleur-de-syrah\\\/#primaryimage\"},\"image\":{\"@id\":\"https:\\\/\\\/vinsdivins.be\\\/index.php\\\/product\\\/domain-gassier-fleur-de-syrah\\\/#primaryimage\"},\"thumbnailUrl\":\"https:\\\/\\\/vinsdivins.be\\\/wp-content\\\/uploads\\\/2022\\\/11\\\/gassier_fleur_de_syrah.jpg\",\"datePublished\":\"2022-11-25T10:53:23+00:00\",\"dateModified\":\"2022-12-17T10:36:43+00:00\",\"breadcrumb\":{\"@id\":\"https:\\\/\\\/vinsdivins.be\\\/index.php\\\/product\\\/domain-gassier-fleur-de-syrah\\\/#breadcrumb\"},\"inLanguage\":\"nl-BE\",\"potentialAction\":[{\"@type\":\"ReadAction\",\"target\":[\"https:\\\/\\\/vinsdivins.be\\\/index.php\\\/product\\\/domain-gassier-fleur-de-syrah\\\/\"]}]},{\"@type\":\"ImageObject\",\"inLanguage\":\"nl-BE\",\"@id\":\"https:\\\/\\\/vinsdivins.be\\\/index.php\\\/product\\\/domain-gassier-fleur-de-syrah\\\/#primaryimage\",\"url\":\"https:\\\/\\\/vinsdivins.be\\\/wp-content\\\/uploads\\\/2022\\\/11\\\/gassier_fleur_de_syrah.jpg\",\"contentUrl\":\"https:\\\/\\\/vinsdivins.be\\\/wp-content\\\/uploads\\\/2022\\\/11\\\/gassier_fleur_de_syrah.jpg\",\"width\":460,\"height\":460},{\"@type\":\"BreadcrumbList\",\"@id\":\"https:\\\/\\\/vinsdivins.be\\\/index.php\\\/product\\\/domain-gassier-fleur-de-syrah\\\/#breadcrumb\",\"itemListElement\":[{\"@type\":\"ListItem\",\"position\":1,\"name\":\"Home\",\"item\":\"https:\\\/\\\/vinsdivins.be\\\/\"},{\"@type\":\"ListItem\",\"position\":2,\"name\":\"Shop\",\"item\":\"https:\\\/\\\/vinsdivins.be\\\/index.php\\\/shop\\\/\"},{\"@type\":\"ListItem\",\"position\":3,\"name\":\"Domaine Gassier &#8211; Fleur de Syrah\"}]},{\"@type\":\"WebSite\",\"@id\":\"https:\\\/\\\/vinsdivins.be\\\/#website\",\"url\":\"https:\\\/\\\/vinsdivins.be\\\/\",\"name\":\"Vins Divins Winery\",\"description\":\"\",\"publisher\":{\"@id\":\"https:\\\/\\\/vinsdivins.be\\\/#organization\"},\"potentialAction\":[{\"@type\":\"SearchAction\",\"target\":{\"@type\":\"EntryPoint\",\"urlTemplate\":\"https:\\\/\\\/vinsdivins.be\\\/?s={search_term_string}\"},\"query-input\":{\"@type\":\"PropertyValueSpecification\",\"valueRequired\":true,\"valueName\":\"search_term_string\"}}],\"inLanguage\":\"nl-BE\"},{\"@type\":\"Organization\",\"@id\":\"https:\\\/\\\/vinsdivins.be\\\/#organization\",\"name\":\"Vins Divins Winery\",\"url\":\"https:\\\/\\\/vinsdivins.be\\\/\",\"logo\":{\"@type\":\"ImageObject\",\"inLanguage\":\"nl-BE\",\"@id\":\"https:\\\/\\\/vinsdivins.be\\\/#\\\/schema\\\/logo\\\/image\\\/\",\"url\":\"https:\\\/\\\/vinsdivins.be\\\/wp-content\\\/uploads\\\/2020\\\/03\\\/cropped-VinsDivins-logo-1.png\",\"contentUrl\":\"https:\\\/\\\/vinsdivins.be\\\/wp-content\\\/uploads\\\/2020\\\/03\\\/cropped-VinsDivins-logo-1.png\",\"width\":209,\"height\":208,\"caption\":\"Vins Divins Winery\"},\"image\":{\"@id\":\"https:\\\/\\\/vinsdivins.be\\\/#\\\/schema\\\/logo\\\/image\\\/\"},\"sameAs\":[\"https:\\\/\\\/www.facebook.com\\\/profile.php?id=100057407982814\",\"https:\\\/\\\/www.instagram.com\\\/vinsdivins_winery?igsh=MWtmZm9ianBnaWZscA\"]}]}<\/script>\n<!-- \/ Yoast SEO plugin. -->","yoast_head_json":{"title":"Domaine Gassier - Fleur de Syrah - Vins Divins Winery","robots":{"index":"noindex","follow":"follow","max-snippet":"max-snippet:-1","max-image-preview":"max-image-preview:large","max-video-preview":"max-video-preview:-1"},"og_locale":"nl_BE","og_type":"article","og_title":"Domaine Gassier - Fleur de Syrah - Vins Divins Winery","og_description":"Mooie kruidige wijn, gemaakt van 100% Syrah druiven, gelegen op een biologisch-geteelde, terras-wijngaard met uitzicht op de Camargue en de Middellandse Zee. Kalkrijk terroir zorgt voor een mooie portie mineraliteit.  Frisse en pittige Syrah, ideaal bij een stuk rood vlees of pittige gerechten.","og_url":"https:\/\/vinsdivins.be\/index.php\/product\/domain-gassier-fleur-de-syrah\/","og_site_name":"Vins Divins Winery","article_publisher":"https:\/\/www.facebook.com\/profile.php?id=100057407982814","article_modified_time":"2022-12-17T10:36:43+00:00","og_image":[{"width":460,"height":460,"url":"https:\/\/vinsdivins.be\/wp-content\/uploads\/2022\/11\/gassier_fleur_de_syrah.jpg","type":"image\/jpeg"}],"twitter_card":"summary_large_image","twitter_misc":{"Geschatte leestijd":"1 minuut"},"schema":{"@context":"https:\/\/schema.org","@graph":[{"@type":"WebPage","@id":"https:\/\/vinsdivins.be\/index.php\/product\/domain-gassier-fleur-de-syrah\/","url":"https:\/\/vinsdivins.be\/index.php\/product\/domain-gassier-fleur-de-syrah\/","name":"Domaine Gassier - Fleur de Syrah - Vins Divins Winery","isPartOf":{"@id":"https:\/\/vinsdivins.be\/#website"},"primaryImageOfPage":{"@id":"https:\/\/vinsdivins.be\/index.php\/product\/domain-gassier-fleur-de-syrah\/#primaryimage"},"image":{"@id":"https:\/\/vinsdivins.be\/index.php\/product\/domain-gassier-fleur-de-syrah\/#primaryimage"},"thumbnailUrl":"https:\/\/vinsdivins.be\/wp-content\/uploads\/2022\/11\/gassier_fleur_de_syrah.jpg","datePublished":"2022-11-25T10:53:23+00:00","dateModified":"2022-12-17T10:36:43+00:00","breadcrumb":{"@id":"https:\/\/vinsdivins.be\/index.php\/product\/domain-gassier-fleur-de-syrah\/#breadcrumb"},"inLanguage":"nl-BE","potentialAction":[{"@type":"ReadAction","target":["https:\/\/vinsdivins.be\/index.php\/product\/domain-gassier-fleur-de-syrah\/"]}]},{"@type":"ImageObject","inLanguage":"nl-BE","@id":"https:\/\/vinsdivins.be\/index.php\/product\/domain-gassier-fleur-de-syrah\/#primaryimage","url":"https:\/\/vinsdivins.be\/wp-content\/uploads\/2022\/11\/gassier_fleur_de_syrah.jpg","contentUrl":"https:\/\/vinsdivins.be\/wp-content\/uploads\/2022\/11\/gassier_fleur_de_syrah.jpg","width":460,"height":460},{"@type":"BreadcrumbList","@id":"https:\/\/vinsdivins.be\/index.php\/product\/domain-gassier-fleur-de-syrah\/#breadcrumb","itemListElement":[{"@type":"ListItem","position":1,"name":"Home","item":"https:\/\/vinsdivins.be\/"},{"@type":"ListItem","position":2,"name":"Shop","item":"https:\/\/vinsdivins.be\/index.php\/shop\/"},{"@type":"ListItem","position":3,"name":"Domaine Gassier &#8211; Fleur de Syrah"}]},{"@type":"WebSite","@id":"https:\/\/vinsdivins.be\/#website","url":"https:\/\/vinsdivins.be\/","name":"Vins Divins Winery","description":"","publisher":{"@id":"https:\/\/vinsdivins.be\/#organization"},"potentialAction":[{"@type":"SearchAction","target":{"@type":"EntryPoint","urlTemplate":"https:\/\/vinsdivins.be\/?s={search_term_string}"},"query-input":{"@type":"PropertyValueSpecification","valueRequired":true,"valueName":"search_term_string"}}],"inLanguage":"nl-BE"},{"@type":"Organization","@id":"https:\/\/vinsdivins.be\/#organization","name":"Vins Divins Winery","url":"https:\/\/vinsdivins.be\/","logo":{"@type":"ImageObject","inLanguage":"nl-BE","@id":"https:\/\/vinsdivins.be\/#\/schema\/logo\/image\/","url":"https:\/\/vinsdivins.be\/wp-content\/uploads\/2020\/03\/cropped-VinsDivins-logo-1.png","contentUrl":"https:\/\/vinsdivins.be\/wp-content\/uploads\/2020\/03\/cropped-VinsDivins-logo-1.png","width":209,"height":208,"caption":"Vins Divins Winery"},"image":{"@id":"https:\/\/vinsdivins.be\/#\/schema\/logo\/image\/"},"sameAs":["https:\/\/www.facebook.com\/profile.php?id=100057407982814","https:\/\/www.instagram.com\/vinsdivins_winery?igsh=MWtmZm9ianBnaWZscA"]}]}},"jetpack_sharing_enabled":true,"_links":{"self":[{"href":"https:\/\/vinsdivins.be\/index.php\/wp-json\/wp\/v2\/product\/2562","targetHints":{"allow":["GET"]}}],"collection":[{"href":"https:\/\/vinsdivins.be\/index.php\/wp-json\/wp\/v2\/product"}],"about":[{"href":"https:\/\/vinsdivins.be\/index.php\/wp-json\/wp\/v2\/types\/product"}],"wp:featuredmedia":[{"embeddable":true,"href":"https:\/\/vinsdivins.be\/index.php\/wp-json\/wp\/v2\/media\/2563"}],"wp:attachment":[{"href":"https:\/\/vinsdivins.be\/index.php\/wp-json\/wp\/v2\/media?parent=2562"}],"wp:term":[{"taxonomy":"product_brand","embeddable":true,"href":"https:\/\/vinsdivins.be\/index.php\/wp-json\/wp\/v2\/product_brand?post=2562"},{"taxonomy":"product_cat","embeddable":true,"href":"https:\/\/vinsdivins.be\/index.php\/wp-json\/wp\/v2\/product_cat?post=2562"},{"taxonomy":"product_tag","embeddable":true,"href":"https:\/\/vinsdivins.be\/index.php\/wp-json\/wp\/v2\/product_tag?post=2562"}],"curies":[{"name":"wp","href":"https:\/\/api.w.org\/{rel}","templated":true}]}}