{"id":2261,"date":"2022-02-13T14:45:39","date_gmt":"2022-02-13T13:45:39","guid":{"rendered":"https:\/\/vinsdivins.be\/?post_type=product&#038;p=2261"},"modified":"2024-02-29T10:36:52","modified_gmt":"2024-02-29T09:36:52","slug":"miraval-cotes-de-provence-rose-jereboam","status":"publish","type":"product","link":"https:\/\/vinsdivins.be\/index.php\/product\/miraval-cotes-de-provence-rose-jereboam\/","title":{"rendered":"Miraval &#8211; C\u00f4tes de Provence Ros\u00e9 &#8211; Jeroboam (3 Liter)"},"content":{"rendered":"","protected":false},"excerpt":{"rendered":"<p>Heerlijke Ros\u00e9 wijn gemaakt door de familie Perrin in opdracht van Angelina Jolie en Brad Pitt.<br \/>\nCh\u00e2teau Miraval was vanaf 1970 van Jacques Loussier, jazzpianist en wijnliefhebber. Hij produceerde de Miraval ros\u00e9 onder de naam Pink Floyd. Een aantal jaar geleden hebben Hollywood-zakenpartners Angelina Jolie en Brad Pitt Ch\u00e2teau Miraval voor een periode van drie jaar gehuurd. Inmiddels is in 2008 het Ch\u00e2teau gekocht door het Hollywood stel. De oenologische expertise die nodig is om uit deze prachtige wijngaarden het allerbeste te halen komt van niemand minder dan de familie Perrin, een van de grootste en succesvolste wijnfamilies ter wereld. Ze zijn vooral vermaard om hun wereldklasse wijngoed Ch\u00e2teau de Beaucastel aan de Rh\u00f4ne. De familie Perrin behoort bovendien tot het selecte clubje van 12 families: Primum Familiae Vini. een associatie van de allerbeste wijnfamilie&#8217;s ter wereld. (hiertoe behoren eveneens Antinori, Sassicaia, Torres, Vega Sicilia, Baron Philippe de Rothschild,&#8230;) De wijngaarden rondom Ch\u00e2teau Miraval liggen tegen een helling op 350 meter hoogte, dat maakt de Miraval wijnen zo elegant en verfijnd.<\/p>\n","protected":false},"featured_media":2787,"template":"","meta":[],"product_brand":[],"product_cat":[484,98,80,147],"product_tag":[],"class_list":{"0":"post-2261","1":"product","2":"type-product","3":"status-publish","4":"has-post-thumbnail","6":"product_cat-cotes-de-provence","7":"product_cat-frankrijk-rose","8":"product_cat-rose","9":"product_cat-wijnen","10":"pa_druiven-cinsault","11":"pa_druiven-grenache-en-rolle","12":"pa_druiven-syrah","14":"first","15":"onbackorder","16":"taxable","17":"shipping-taxable","18":"purchasable","19":"product-type-simple"},"yoast_head":"<!-- This site is optimized with the Yoast SEO plugin v27.5 - https:\/\/yoast.com\/product\/yoast-seo-wordpress\/ -->\n<title>Miraval - C\u00f4tes de Provence Ros\u00e9 - Jeroboam (3 Liter) - Vins Divins Winery<\/title>\n<meta name=\"robots\" content=\"noindex, follow, max-snippet:-1, max-image-preview:large, max-video-preview:-1\" \/>\n<meta property=\"og:locale\" content=\"nl_BE\" \/>\n<meta property=\"og:type\" content=\"article\" \/>\n<meta property=\"og:title\" content=\"Miraval - C\u00f4tes de Provence Ros\u00e9 - Jeroboam (3 Liter) - Vins Divins Winery\" \/>\n<meta property=\"og:description\" content=\"Heerlijke Ros\u00e9 wijn gemaakt door de familie Perrin in opdracht van Angelina Jolie en Brad Pitt. Ch\u00e2teau Miraval was vanaf 1970 van Jacques Loussier, jazzpianist en wijnliefhebber. Hij produceerde de Miraval ros\u00e9 onder de naam Pink Floyd. Een aantal jaar geleden hebben Hollywood-zakenpartners Angelina Jolie en Brad Pitt Ch\u00e2teau Miraval voor een periode van drie jaar gehuurd. Inmiddels is in 2008 het Ch\u00e2teau gekocht door het Hollywood stel. De oenologische expertise die nodig is om uit deze prachtige wijngaarden het allerbeste te halen komt van niemand minder dan de familie Perrin, een van de grootste en succesvolste wijnfamilies ter wereld. Ze zijn vooral vermaard om hun wereldklasse wijngoed Ch\u00e2teau de Beaucastel aan de Rh\u00f4ne. De familie Perrin behoort bovendien tot het selecte clubje van 12 families: Primum Familiae Vini. een associatie van de allerbeste wijnfamilie&#039;s ter wereld. (hiertoe behoren eveneens Antinori, Sassicaia, Torres, Vega Sicilia, Baron Philippe de Rothschild,...) De wijngaarden rondom Ch\u00e2teau Miraval liggen tegen een helling op 350 meter hoogte, dat maakt de Miraval wijnen zo elegant en verfijnd.\" \/>\n<meta property=\"og:url\" content=\"https:\/\/vinsdivins.be\/index.php\/product\/miraval-cotes-de-provence-rose-jereboam\/\" \/>\n<meta property=\"og:site_name\" content=\"Vins Divins Winery\" \/>\n<meta property=\"article:publisher\" content=\"https:\/\/www.facebook.com\/profile.php?id=100057407982814\" \/>\n<meta property=\"article:modified_time\" content=\"2024-02-29T09:36:52+00:00\" \/>\n<meta property=\"og:image\" content=\"https:\/\/vinsdivins.be\/wp-content\/uploads\/2022\/02\/259_wijnhuis_Blommaert.jpg\" \/>\n\t<meta property=\"og:image:width\" content=\"1000\" \/>\n\t<meta property=\"og:image:height\" content=\"1000\" \/>\n\t<meta property=\"og:image:type\" content=\"image\/jpeg\" \/>\n<meta name=\"twitter:card\" content=\"summary_large_image\" \/>\n<script type=\"application\/ld+json\" class=\"yoast-schema-graph\">{\"@context\":\"https:\\\/\\\/schema.org\",\"@graph\":[{\"@type\":\"WebPage\",\"@id\":\"https:\\\/\\\/vinsdivins.be\\\/index.php\\\/product\\\/miraval-cotes-de-provence-rose-jereboam\\\/\",\"url\":\"https:\\\/\\\/vinsdivins.be\\\/index.php\\\/product\\\/miraval-cotes-de-provence-rose-jereboam\\\/\",\"name\":\"Miraval - C\u00f4tes de Provence Ros\u00e9 - Jeroboam (3 Liter) - Vins Divins Winery\",\"isPartOf\":{\"@id\":\"https:\\\/\\\/vinsdivins.be\\\/#website\"},\"primaryImageOfPage\":{\"@id\":\"https:\\\/\\\/vinsdivins.be\\\/index.php\\\/product\\\/miraval-cotes-de-provence-rose-jereboam\\\/#primaryimage\"},\"image\":{\"@id\":\"https:\\\/\\\/vinsdivins.be\\\/index.php\\\/product\\\/miraval-cotes-de-provence-rose-jereboam\\\/#primaryimage\"},\"thumbnailUrl\":\"https:\\\/\\\/vinsdivins.be\\\/wp-content\\\/uploads\\\/2022\\\/02\\\/259_wijnhuis_Blommaert.jpg\",\"datePublished\":\"2022-02-13T13:45:39+00:00\",\"dateModified\":\"2024-02-29T09:36:52+00:00\",\"breadcrumb\":{\"@id\":\"https:\\\/\\\/vinsdivins.be\\\/index.php\\\/product\\\/miraval-cotes-de-provence-rose-jereboam\\\/#breadcrumb\"},\"inLanguage\":\"nl-BE\",\"potentialAction\":[{\"@type\":\"ReadAction\",\"target\":[\"https:\\\/\\\/vinsdivins.be\\\/index.php\\\/product\\\/miraval-cotes-de-provence-rose-jereboam\\\/\"]}]},{\"@type\":\"ImageObject\",\"inLanguage\":\"nl-BE\",\"@id\":\"https:\\\/\\\/vinsdivins.be\\\/index.php\\\/product\\\/miraval-cotes-de-provence-rose-jereboam\\\/#primaryimage\",\"url\":\"https:\\\/\\\/vinsdivins.be\\\/wp-content\\\/uploads\\\/2022\\\/02\\\/259_wijnhuis_Blommaert.jpg\",\"contentUrl\":\"https:\\\/\\\/vinsdivins.be\\\/wp-content\\\/uploads\\\/2022\\\/02\\\/259_wijnhuis_Blommaert.jpg\",\"width\":1000,\"height\":1000},{\"@type\":\"BreadcrumbList\",\"@id\":\"https:\\\/\\\/vinsdivins.be\\\/index.php\\\/product\\\/miraval-cotes-de-provence-rose-jereboam\\\/#breadcrumb\",\"itemListElement\":[{\"@type\":\"ListItem\",\"position\":1,\"name\":\"Home\",\"item\":\"https:\\\/\\\/vinsdivins.be\\\/\"},{\"@type\":\"ListItem\",\"position\":2,\"name\":\"Shop\",\"item\":\"https:\\\/\\\/vinsdivins.be\\\/index.php\\\/shop\\\/\"},{\"@type\":\"ListItem\",\"position\":3,\"name\":\"Miraval &#8211; C\u00f4tes de Provence Ros\u00e9 &#8211; Jeroboam (3 Liter)\"}]},{\"@type\":\"WebSite\",\"@id\":\"https:\\\/\\\/vinsdivins.be\\\/#website\",\"url\":\"https:\\\/\\\/vinsdivins.be\\\/\",\"name\":\"Vins Divins Winery\",\"description\":\"\",\"publisher\":{\"@id\":\"https:\\\/\\\/vinsdivins.be\\\/#organization\"},\"potentialAction\":[{\"@type\":\"SearchAction\",\"target\":{\"@type\":\"EntryPoint\",\"urlTemplate\":\"https:\\\/\\\/vinsdivins.be\\\/?s={search_term_string}\"},\"query-input\":{\"@type\":\"PropertyValueSpecification\",\"valueRequired\":true,\"valueName\":\"search_term_string\"}}],\"inLanguage\":\"nl-BE\"},{\"@type\":\"Organization\",\"@id\":\"https:\\\/\\\/vinsdivins.be\\\/#organization\",\"name\":\"Vins Divins Winery\",\"url\":\"https:\\\/\\\/vinsdivins.be\\\/\",\"logo\":{\"@type\":\"ImageObject\",\"inLanguage\":\"nl-BE\",\"@id\":\"https:\\\/\\\/vinsdivins.be\\\/#\\\/schema\\\/logo\\\/image\\\/\",\"url\":\"https:\\\/\\\/vinsdivins.be\\\/wp-content\\\/uploads\\\/2020\\\/03\\\/cropped-VinsDivins-logo-1.png\",\"contentUrl\":\"https:\\\/\\\/vinsdivins.be\\\/wp-content\\\/uploads\\\/2020\\\/03\\\/cropped-VinsDivins-logo-1.png\",\"width\":209,\"height\":208,\"caption\":\"Vins Divins Winery\"},\"image\":{\"@id\":\"https:\\\/\\\/vinsdivins.be\\\/#\\\/schema\\\/logo\\\/image\\\/\"},\"sameAs\":[\"https:\\\/\\\/www.facebook.com\\\/profile.php?id=100057407982814\",\"https:\\\/\\\/www.instagram.com\\\/vinsdivins_winery?igsh=MWtmZm9ianBnaWZscA\"]}]}<\/script>\n<!-- \/ Yoast SEO plugin. -->","yoast_head_json":{"title":"Miraval - C\u00f4tes de Provence Ros\u00e9 - Jeroboam (3 Liter) - Vins Divins Winery","robots":{"index":"noindex","follow":"follow","max-snippet":"max-snippet:-1","max-image-preview":"max-image-preview:large","max-video-preview":"max-video-preview:-1"},"og_locale":"nl_BE","og_type":"article","og_title":"Miraval - C\u00f4tes de Provence Ros\u00e9 - Jeroboam (3 Liter) - Vins Divins Winery","og_description":"Heerlijke Ros\u00e9 wijn gemaakt door de familie Perrin in opdracht van Angelina Jolie en Brad Pitt. Ch\u00e2teau Miraval was vanaf 1970 van Jacques Loussier, jazzpianist en wijnliefhebber. Hij produceerde de Miraval ros\u00e9 onder de naam Pink Floyd. Een aantal jaar geleden hebben Hollywood-zakenpartners Angelina Jolie en Brad Pitt Ch\u00e2teau Miraval voor een periode van drie jaar gehuurd. Inmiddels is in 2008 het Ch\u00e2teau gekocht door het Hollywood stel. De oenologische expertise die nodig is om uit deze prachtige wijngaarden het allerbeste te halen komt van niemand minder dan de familie Perrin, een van de grootste en succesvolste wijnfamilies ter wereld. Ze zijn vooral vermaard om hun wereldklasse wijngoed Ch\u00e2teau de Beaucastel aan de Rh\u00f4ne. De familie Perrin behoort bovendien tot het selecte clubje van 12 families: Primum Familiae Vini. een associatie van de allerbeste wijnfamilie's ter wereld. (hiertoe behoren eveneens Antinori, Sassicaia, Torres, Vega Sicilia, Baron Philippe de Rothschild,...) De wijngaarden rondom Ch\u00e2teau Miraval liggen tegen een helling op 350 meter hoogte, dat maakt de Miraval wijnen zo elegant en verfijnd.","og_url":"https:\/\/vinsdivins.be\/index.php\/product\/miraval-cotes-de-provence-rose-jereboam\/","og_site_name":"Vins Divins Winery","article_publisher":"https:\/\/www.facebook.com\/profile.php?id=100057407982814","article_modified_time":"2024-02-29T09:36:52+00:00","og_image":[{"width":1000,"height":1000,"url":"https:\/\/vinsdivins.be\/wp-content\/uploads\/2022\/02\/259_wijnhuis_Blommaert.jpg","type":"image\/jpeg"}],"twitter_card":"summary_large_image","schema":{"@context":"https:\/\/schema.org","@graph":[{"@type":"WebPage","@id":"https:\/\/vinsdivins.be\/index.php\/product\/miraval-cotes-de-provence-rose-jereboam\/","url":"https:\/\/vinsdivins.be\/index.php\/product\/miraval-cotes-de-provence-rose-jereboam\/","name":"Miraval - C\u00f4tes de Provence Ros\u00e9 - Jeroboam (3 Liter) - Vins Divins Winery","isPartOf":{"@id":"https:\/\/vinsdivins.be\/#website"},"primaryImageOfPage":{"@id":"https:\/\/vinsdivins.be\/index.php\/product\/miraval-cotes-de-provence-rose-jereboam\/#primaryimage"},"image":{"@id":"https:\/\/vinsdivins.be\/index.php\/product\/miraval-cotes-de-provence-rose-jereboam\/#primaryimage"},"thumbnailUrl":"https:\/\/vinsdivins.be\/wp-content\/uploads\/2022\/02\/259_wijnhuis_Blommaert.jpg","datePublished":"2022-02-13T13:45:39+00:00","dateModified":"2024-02-29T09:36:52+00:00","breadcrumb":{"@id":"https:\/\/vinsdivins.be\/index.php\/product\/miraval-cotes-de-provence-rose-jereboam\/#breadcrumb"},"inLanguage":"nl-BE","potentialAction":[{"@type":"ReadAction","target":["https:\/\/vinsdivins.be\/index.php\/product\/miraval-cotes-de-provence-rose-jereboam\/"]}]},{"@type":"ImageObject","inLanguage":"nl-BE","@id":"https:\/\/vinsdivins.be\/index.php\/product\/miraval-cotes-de-provence-rose-jereboam\/#primaryimage","url":"https:\/\/vinsdivins.be\/wp-content\/uploads\/2022\/02\/259_wijnhuis_Blommaert.jpg","contentUrl":"https:\/\/vinsdivins.be\/wp-content\/uploads\/2022\/02\/259_wijnhuis_Blommaert.jpg","width":1000,"height":1000},{"@type":"BreadcrumbList","@id":"https:\/\/vinsdivins.be\/index.php\/product\/miraval-cotes-de-provence-rose-jereboam\/#breadcrumb","itemListElement":[{"@type":"ListItem","position":1,"name":"Home","item":"https:\/\/vinsdivins.be\/"},{"@type":"ListItem","position":2,"name":"Shop","item":"https:\/\/vinsdivins.be\/index.php\/shop\/"},{"@type":"ListItem","position":3,"name":"Miraval &#8211; C\u00f4tes de Provence Ros\u00e9 &#8211; Jeroboam (3 Liter)"}]},{"@type":"WebSite","@id":"https:\/\/vinsdivins.be\/#website","url":"https:\/\/vinsdivins.be\/","name":"Vins Divins Winery","description":"","publisher":{"@id":"https:\/\/vinsdivins.be\/#organization"},"potentialAction":[{"@type":"SearchAction","target":{"@type":"EntryPoint","urlTemplate":"https:\/\/vinsdivins.be\/?s={search_term_string}"},"query-input":{"@type":"PropertyValueSpecification","valueRequired":true,"valueName":"search_term_string"}}],"inLanguage":"nl-BE"},{"@type":"Organization","@id":"https:\/\/vinsdivins.be\/#organization","name":"Vins Divins Winery","url":"https:\/\/vinsdivins.be\/","logo":{"@type":"ImageObject","inLanguage":"nl-BE","@id":"https:\/\/vinsdivins.be\/#\/schema\/logo\/image\/","url":"https:\/\/vinsdivins.be\/wp-content\/uploads\/2020\/03\/cropped-VinsDivins-logo-1.png","contentUrl":"https:\/\/vinsdivins.be\/wp-content\/uploads\/2020\/03\/cropped-VinsDivins-logo-1.png","width":209,"height":208,"caption":"Vins Divins Winery"},"image":{"@id":"https:\/\/vinsdivins.be\/#\/schema\/logo\/image\/"},"sameAs":["https:\/\/www.facebook.com\/profile.php?id=100057407982814","https:\/\/www.instagram.com\/vinsdivins_winery?igsh=MWtmZm9ianBnaWZscA"]}]}},"jetpack_sharing_enabled":true,"_links":{"self":[{"href":"https:\/\/vinsdivins.be\/index.php\/wp-json\/wp\/v2\/product\/2261","targetHints":{"allow":["GET"]}}],"collection":[{"href":"https:\/\/vinsdivins.be\/index.php\/wp-json\/wp\/v2\/product"}],"about":[{"href":"https:\/\/vinsdivins.be\/index.php\/wp-json\/wp\/v2\/types\/product"}],"wp:featuredmedia":[{"embeddable":true,"href":"https:\/\/vinsdivins.be\/index.php\/wp-json\/wp\/v2\/media\/2787"}],"wp:attachment":[{"href":"https:\/\/vinsdivins.be\/index.php\/wp-json\/wp\/v2\/media?parent=2261"}],"wp:term":[{"taxonomy":"product_brand","embeddable":true,"href":"https:\/\/vinsdivins.be\/index.php\/wp-json\/wp\/v2\/product_brand?post=2261"},{"taxonomy":"product_cat","embeddable":true,"href":"https:\/\/vinsdivins.be\/index.php\/wp-json\/wp\/v2\/product_cat?post=2261"},{"taxonomy":"product_tag","embeddable":true,"href":"https:\/\/vinsdivins.be\/index.php\/wp-json\/wp\/v2\/product_tag?post=2261"}],"curies":[{"name":"wp","href":"https:\/\/api.w.org\/{rel}","templated":true}]}}